{"id":111,"date":"2025-02-03T11:00:16","date_gmt":"2025-02-03T11:00:16","guid":{"rendered":"https:\/\/solibanezvega.com\/?page_id=111"},"modified":"2025-02-03T19:20:04","modified_gmt":"2025-02-03T19:20:04","slug":"folklore","status":"publish","type":"page","link":"https:\/\/solibanezvega.com\/index.php\/folklore\/","title":{"rendered":"FOLKLORE"},"content":{"rendered":"\n<h2 class=\"wp-block-heading has-text-align-center\">EL FOLKLORE Y SUS MISTERIOS<\/h2>\n\n\n\n<div class=\"wp-block-superb-addons-animated-heading superbaddons-animated-heading-block superbaddons-animated-heading-effect2\" id=\"block-f9d24618-a02f-4e3a-9799-ffd25f12a725\" data-animation=\"effect2\" data-animation-speed=\"60\" data-animation-loop=\"true\">\n<h2 class=\"wp-block-heading\">\u00a1VEN Y CU\u00c9NTAMELO!<\/h2>\n<\/div>\n\n\n\n<div class=\"wp-block-group alignfull is-layout-flow wp-block-group-is-layout-flow\">\n<div class=\"wp-block-group alignfull has-global-padding is-layout-constrained wp-container-core-group-is-layout-7dc229c6 wp-block-group-is-layout-constrained\" style=\"padding-top:var(--wp--preset--spacing--superbspacing-xxlarge);padding-right:var(--wp--preset--spacing--superbspacing-small);padding-bottom:var(--wp--preset--spacing--superbspacing-xxlarge);padding-left:var(--wp--preset--spacing--superbspacing-small)\">\n<div class=\"wp-block-columns alignwide is-layout-flex wp-container-core-columns-is-layout-a001aa69 wp-block-columns-is-layout-flex\" style=\"margin-top:0;margin-bottom:0\">\n<div class=\"wp-block-column is-vertically-aligned-center is-layout-flow wp-container-core-column-is-layout-db2cb278 wp-block-column-is-layout-flow\">\n<h2 class=\"wp-block-heading has-text-align-center has-primary-color has-text-color has-superbfont-xxsmall-font-size\" style=\"font-style:normal;font-weight:700;letter-spacing:5px;text-transform:uppercase\">un maravilloso viaje a las raices de todos<\/h2>\n\n\n\n<h3 class=\"wp-block-heading has-text-align-left has-superbfont-large-font-size\">Leyendas, mitos y creencias.<\/h3>\n\n\n\n<p>Mi objetivo es profundizar en las curiosidades de ciudades y pueblos, indagando en sus ra\u00edces y tradiciones, y desentra\u00f1ando el folklore que les da vida. Y si, adem\u00e1s, las personas comparten sus vivencias o relatos sobre esos lugares, mejor a\u00fan.<\/p>\n\n\n\n<p><strong>ASI QUE &#8230; \u00a1VEN Y CU\u00c9NTAMELO!<\/strong><\/p>\n<\/div>\n\n\n\n<div class=\"wp-block-column is-vertically-aligned-center is-layout-flow wp-container-core-column-is-layout-40a2a7e8 wp-block-column-is-layout-flow\" style=\"padding-right:0;padding-bottom:0;padding-left:0\">\n<figure class=\"wp-block-image size-full has-custom-border\"><img loading=\"lazy\" decoding=\"async\" width=\"1080\" height=\"1365\" src=\"http:\/\/solibanezvega.com\/wp-content\/uploads\/2024\/11\/image.png\" alt=\"This image has an empty alt attribute; its file name is Screenshot_20241107-1716352-1.png\" class=\"wp-image-87\" style=\"border-radius:20px\" srcset=\"https:\/\/solibanezvega.com\/wp-content\/uploads\/2024\/11\/image.png 1080w, https:\/\/solibanezvega.com\/wp-content\/uploads\/2024\/11\/image-237x300.png 237w, https:\/\/solibanezvega.com\/wp-content\/uploads\/2024\/11\/image-810x1024.png 810w, https:\/\/solibanezvega.com\/wp-content\/uploads\/2024\/11\/image-768x971.png 768w\" sizes=\"auto, (max-width: 1080px) 100vw, 1080px\" \/><\/figure>\n<\/div>\n<\/div>\n<\/div>\n<\/div>\n","protected":false},"excerpt":{"rendered":"<p>EL FOLKLORE Y SUS MISTERIOS un maravilloso viaje a las raices de todos Leyendas, mitos y creencias. Mi objetivo es profundizar en las curiosidades de ciudades y pueblos, indagando en sus ra\u00edces y tradiciones, y desentra\u00f1ando el folklore que les da vida. Y si, adem\u00e1s, las personas comparten sus vivencias o relatos sobre esos lugares, [&hellip;]<\/p>\n","protected":false},"author":1,"featured_media":0,"parent":0,"menu_order":0,"comment_status":"closed","ping_status":"closed","template":"","meta":{"footnotes":""},"class_list":["post-111","page","type-page","status-publish","hentry"],"yoast_head":"<!-- This site is optimized with the Yoast SEO plugin v25.9 - https:\/\/yoast.com\/wordpress\/plugins\/seo\/ -->\n<title>FOLKLORE - solibanezvega.com<\/title>\n<meta name=\"robots\" content=\"index, follow, max-snippet:-1, max-image-preview:large, max-video-preview:-1\" \/>\n<link rel=\"canonical\" href=\"https:\/\/solibanezvega.com\/index.php\/folklore\/\" \/>\n<meta property=\"og:locale\" content=\"es_ES\" \/>\n<meta property=\"og:type\" content=\"article\" \/>\n<meta property=\"og:title\" content=\"FOLKLORE - solibanezvega.com\" \/>\n<meta property=\"og:description\" content=\"EL FOLKLORE Y SUS MISTERIOS un maravilloso viaje a las raices de todos Leyendas, mitos y creencias. Mi objetivo es profundizar en las curiosidades de ciudades y pueblos, indagando en sus ra\u00edces y tradiciones, y desentra\u00f1ando el folklore que les da vida. Y si, adem\u00e1s, las personas comparten sus vivencias o relatos sobre esos lugares, [&hellip;]\" \/>\n<meta property=\"og:url\" content=\"https:\/\/solibanezvega.com\/index.php\/folklore\/\" \/>\n<meta property=\"og:site_name\" content=\"solibanezvega.com\" \/>\n<meta property=\"article:modified_time\" content=\"2025-02-03T19:20:04+00:00\" \/>\n<meta property=\"og:image\" content=\"https:\/\/solibanezvega.com\/wp-content\/uploads\/2024\/11\/image.png\" \/>\n\t<meta property=\"og:image:width\" content=\"1080\" \/>\n\t<meta property=\"og:image:height\" content=\"1365\" \/>\n\t<meta property=\"og:image:type\" content=\"image\/png\" \/>\n<meta name=\"twitter:card\" content=\"summary_large_image\" \/>\n<script type=\"application\/ld+json\" class=\"yoast-schema-graph\">{\"@context\":\"https:\/\/schema.org\",\"@graph\":[{\"@type\":\"WebPage\",\"@id\":\"https:\/\/solibanezvega.com\/index.php\/folklore\/\",\"url\":\"https:\/\/solibanezvega.com\/index.php\/folklore\/\",\"name\":\"FOLKLORE - solibanezvega.com\",\"isPartOf\":{\"@id\":\"https:\/\/solibanezvega.com\/#website\"},\"primaryImageOfPage\":{\"@id\":\"https:\/\/solibanezvega.com\/index.php\/folklore\/#primaryimage\"},\"image\":{\"@id\":\"https:\/\/solibanezvega.com\/index.php\/folklore\/#primaryimage\"},\"thumbnailUrl\":\"http:\/\/solibanezvega.com\/wp-content\/uploads\/2024\/11\/image.png\",\"datePublished\":\"2025-02-03T11:00:16+00:00\",\"dateModified\":\"2025-02-03T19:20:04+00:00\",\"breadcrumb\":{\"@id\":\"https:\/\/solibanezvega.com\/index.php\/folklore\/#breadcrumb\"},\"inLanguage\":\"es\",\"potentialAction\":[{\"@type\":\"ReadAction\",\"target\":[\"https:\/\/solibanezvega.com\/index.php\/folklore\/\"]}]},{\"@type\":\"ImageObject\",\"inLanguage\":\"es\",\"@id\":\"https:\/\/solibanezvega.com\/index.php\/folklore\/#primaryimage\",\"url\":\"https:\/\/solibanezvega.com\/wp-content\/uploads\/2024\/11\/image.png\",\"contentUrl\":\"https:\/\/solibanezvega.com\/wp-content\/uploads\/2024\/11\/image.png\",\"width\":1080,\"height\":1365,\"caption\":\"This image has an empty alt attribute; its file name is Screenshot_20241107-1716352-1.png\"},{\"@type\":\"BreadcrumbList\",\"@id\":\"https:\/\/solibanezvega.com\/index.php\/folklore\/#breadcrumb\",\"itemListElement\":[{\"@type\":\"ListItem\",\"position\":1,\"name\":\"Portada\",\"item\":\"https:\/\/solibanezvega.com\/\"},{\"@type\":\"ListItem\",\"position\":2,\"name\":\"FOLKLORE\"}]},{\"@type\":\"WebSite\",\"@id\":\"https:\/\/solibanezvega.com\/#website\",\"url\":\"https:\/\/solibanezvega.com\/\",\"name\":\"solibanezvega.com\",\"description\":\"Otro sitio realizado con WordPress\",\"potentialAction\":[{\"@type\":\"SearchAction\",\"target\":{\"@type\":\"EntryPoint\",\"urlTemplate\":\"https:\/\/solibanezvega.com\/?s={search_term_string}\"},\"query-input\":{\"@type\":\"PropertyValueSpecification\",\"valueRequired\":true,\"valueName\":\"search_term_string\"}}],\"inLanguage\":\"es\"}]}<\/script>\n<!-- \/ Yoast SEO plugin. -->","yoast_head_json":{"title":"FOLKLORE - solibanezvega.com","robots":{"index":"index","follow":"follow","max-snippet":"max-snippet:-1","max-image-preview":"max-image-preview:large","max-video-preview":"max-video-preview:-1"},"canonical":"https:\/\/solibanezvega.com\/index.php\/folklore\/","og_locale":"es_ES","og_type":"article","og_title":"FOLKLORE - solibanezvega.com","og_description":"EL FOLKLORE Y SUS MISTERIOS un maravilloso viaje a las raices de todos Leyendas, mitos y creencias. Mi objetivo es profundizar en las curiosidades de ciudades y pueblos, indagando en sus ra\u00edces y tradiciones, y desentra\u00f1ando el folklore que les da vida. Y si, adem\u00e1s, las personas comparten sus vivencias o relatos sobre esos lugares, [&hellip;]","og_url":"https:\/\/solibanezvega.com\/index.php\/folklore\/","og_site_name":"solibanezvega.com","article_modified_time":"2025-02-03T19:20:04+00:00","og_image":[{"width":1080,"height":1365,"url":"https:\/\/solibanezvega.com\/wp-content\/uploads\/2024\/11\/image.png","type":"image\/png"}],"twitter_card":"summary_large_image","schema":{"@context":"https:\/\/schema.org","@graph":[{"@type":"WebPage","@id":"https:\/\/solibanezvega.com\/index.php\/folklore\/","url":"https:\/\/solibanezvega.com\/index.php\/folklore\/","name":"FOLKLORE - solibanezvega.com","isPartOf":{"@id":"https:\/\/solibanezvega.com\/#website"},"primaryImageOfPage":{"@id":"https:\/\/solibanezvega.com\/index.php\/folklore\/#primaryimage"},"image":{"@id":"https:\/\/solibanezvega.com\/index.php\/folklore\/#primaryimage"},"thumbnailUrl":"http:\/\/solibanezvega.com\/wp-content\/uploads\/2024\/11\/image.png","datePublished":"2025-02-03T11:00:16+00:00","dateModified":"2025-02-03T19:20:04+00:00","breadcrumb":{"@id":"https:\/\/solibanezvega.com\/index.php\/folklore\/#breadcrumb"},"inLanguage":"es","potentialAction":[{"@type":"ReadAction","target":["https:\/\/solibanezvega.com\/index.php\/folklore\/"]}]},{"@type":"ImageObject","inLanguage":"es","@id":"https:\/\/solibanezvega.com\/index.php\/folklore\/#primaryimage","url":"https:\/\/solibanezvega.com\/wp-content\/uploads\/2024\/11\/image.png","contentUrl":"https:\/\/solibanezvega.com\/wp-content\/uploads\/2024\/11\/image.png","width":1080,"height":1365,"caption":"This image has an empty alt attribute; its file name is Screenshot_20241107-1716352-1.png"},{"@type":"BreadcrumbList","@id":"https:\/\/solibanezvega.com\/index.php\/folklore\/#breadcrumb","itemListElement":[{"@type":"ListItem","position":1,"name":"Portada","item":"https:\/\/solibanezvega.com\/"},{"@type":"ListItem","position":2,"name":"FOLKLORE"}]},{"@type":"WebSite","@id":"https:\/\/solibanezvega.com\/#website","url":"https:\/\/solibanezvega.com\/","name":"solibanezvega.com","description":"Otro sitio realizado con WordPress","potentialAction":[{"@type":"SearchAction","target":{"@type":"EntryPoint","urlTemplate":"https:\/\/solibanezvega.com\/?s={search_term_string}"},"query-input":{"@type":"PropertyValueSpecification","valueRequired":true,"valueName":"search_term_string"}}],"inLanguage":"es"}]}},"_links":{"self":[{"href":"https:\/\/solibanezvega.com\/index.php\/wp-json\/wp\/v2\/pages\/111","targetHints":{"allow":["GET"]}}],"collection":[{"href":"https:\/\/solibanezvega.com\/index.php\/wp-json\/wp\/v2\/pages"}],"about":[{"href":"https:\/\/solibanezvega.com\/index.php\/wp-json\/wp\/v2\/types\/page"}],"author":[{"embeddable":true,"href":"https:\/\/solibanezvega.com\/index.php\/wp-json\/wp\/v2\/users\/1"}],"replies":[{"embeddable":true,"href":"https:\/\/solibanezvega.com\/index.php\/wp-json\/wp\/v2\/comments?post=111"}],"version-history":[{"count":4,"href":"https:\/\/solibanezvega.com\/index.php\/wp-json\/wp\/v2\/pages\/111\/revisions"}],"predecessor-version":[{"id":413,"href":"https:\/\/solibanezvega.com\/index.php\/wp-json\/wp\/v2\/pages\/111\/revisions\/413"}],"wp:attachment":[{"href":"https:\/\/solibanezvega.com\/index.php\/wp-json\/wp\/v2\/media?parent=111"}],"curies":[{"name":"wp","href":"https:\/\/api.w.org\/{rel}","templated":true}]}}