{"id":2,"date":"2024-05-11T10:50:28","date_gmt":"2024-05-11T10:50:28","guid":{"rendered":"http:\/\/solibanezvega.com\/?page_id=2"},"modified":"2025-05-07T17:49:49","modified_gmt":"2025-05-07T17:49:49","slug":"sobre-mi","status":"publish","type":"page","link":"https:\/\/solibanezvega.com\/index.php\/sobre-mi\/","title":{"rendered":"SOBRE MI"},"content":{"rendered":"\n<div class=\"wp-block-superb-addons-animated-heading superbaddons-animated-heading-block superbaddons-animated-heading-effect2\" id=\"block-6805d664-c600-4f88-832b-069b424f7681\" data-animation=\"effect2\" data-animation-speed=\"60\" data-animation-loop=\"true\">\n<h2 class=\"wp-block-heading\">SOBRE MI <\/h2>\n<\/div>\n\n\n\n<p class=\"has-text-align-left\">Nac\u00ed en la Ciudad de M\u00e9xico, donde viv\u00ed gran parte de mi infancia y juventud. Desde temprana edad, comenc\u00e9 a participar en <strong>diversas actividades relacionadas con la cultura y la comunicaci\u00f3n. <\/strong>Posteriormente, obtuve la licenciatura en Comunicaci\u00f3n. A lo largo de mi trayectoria en M\u00e9xico, acumul\u00e9 experiencias en teatro, radio y televisi\u00f3n. Pero adem\u00e1s, continu\u00e9 conociendo maravillosos relatos, leyendas y cuentos de mi pa\u00eds y de todo el mundo que he podido compartir como narrador en varias experiencias con el p\u00fablico .M\u00e1s adelante, cruc\u00e9 el Atl\u00e1ntico y me establec\u00ed en Espa\u00f1a, pa\u00eds que se ha convertido en mi hogar desde hace varios a\u00f1os.<\/p>\n\n\n\n<figure class=\"wp-block-embed is-type-video is-provider-youtube wp-block-embed-youtube wp-embed-aspect-4-3 wp-has-aspect-ratio\"><div class=\"wp-block-embed__wrapper\">\n<iframe loading=\"lazy\" title=\"CONOCIENDO MI CIUDAD-EL CALLEJ\u00d3N DE QUINTANA ROO\/CALLEJ\u00d3N AGUAYO\" width=\"500\" height=\"375\" src=\"https:\/\/www.youtube.com\/embed\/hy8ckxMR0M4?feature=oembed\" frameborder=\"0\" allow=\"accelerometer; autoplay; clipboard-write; encrypted-media; gyroscope; picture-in-picture; web-share\" referrerpolicy=\"strict-origin-when-cross-origin\" allowfullscreen><\/iframe>\n<\/div><\/figure>\n\n\n\n<p class=\"has-text-align-left\">Desde mi llegada a Espa\u00f1a, mi inter\u00e9s por los temas relacionados con el misterio se intensific\u00f3. Aunque, en realidad,<strong> las leyendas y las historias con un halo de misterio han sido una fascinaci\u00f3n constante en mi vida <\/strong>desde que tengo memoria. En Madrid, he dado rienda suelta a esta pasi\u00f3n: colabor\u00e9 en programas de radio, <strong>compartiendo micr\u00f3fono con otros mexicanos residentes en la ciudad, <\/strong>y realic\u00e9 investigaciones por mi cuenta relacionadas con los misterios que encierra la ciudad. Durante un tiempo, tambi\u00e9n explor\u00e9 el mundo de la fotograf\u00eda y llegu\u00e9 a dirigir mi propia revista digital, <strong><em>Katrinamagazine<\/em>, <\/strong>dedicada a descubrir y documentar aspectos curiosos, y en ocasiones misteriosos, de Madrid.  Y hoy en d\u00eda,  estoy en contacto con el mundo de los libros en una faceta de bibliotecaria.<\/p>\n\n\n\n<figure class=\"wp-block-embed is-type-video is-provider-youtube wp-block-embed-youtube wp-embed-aspect-4-3 wp-has-aspect-ratio\"><div class=\"wp-block-embed__wrapper\">\n<iframe loading=\"lazy\" title=\"Momentos de Sol Ib\u00e1\u00f1ez\" width=\"500\" height=\"375\" src=\"https:\/\/www.youtube.com\/embed\/J_9MuCvj3YI?start=138&#038;feature=oembed\" frameborder=\"0\" allow=\"accelerometer; autoplay; clipboard-write; encrypted-media; gyroscope; picture-in-picture; web-share\" referrerpolicy=\"strict-origin-when-cross-origin\" allowfullscreen><\/iframe>\n<\/div><\/figure>\n\n\n\n<p>El misterio, tanto en el \u00e1mbito cultural como en el personal, ha sido una constante en mi vida. En la actualidad, <strong>me dedico a rescatar tradiciones orales familiares, explorar las curiosidades de Madrid y desentra\u00f1ar los misterios de Espa\u00f1a. <\/strong>Tambi\u00e9n he asumido el papel de narradora de las experiencias sobrenaturales que muchas personas han compartido conmigo. M\u00e1s all\u00e1 de esto, siento una profunda pasi\u00f3n por los cuentos y las historias que forman parte del folclore de cualquier rinc\u00f3n del mundo.<\/p>\n\n\n\n<figure class=\"wp-block-embed is-type-video is-provider-youtube wp-block-embed-youtube wp-embed-aspect-16-9 wp-has-aspect-ratio\"><div class=\"wp-block-embed__wrapper\">\n<iframe loading=\"lazy\" title=\"TURISMO ALTERNATIVO EN MADRID CON PLANVE\" width=\"500\" height=\"281\" src=\"https:\/\/www.youtube.com\/embed\/-ft9JBjN-d4?start=2&#038;feature=oembed\" frameborder=\"0\" allow=\"accelerometer; autoplay; clipboard-write; encrypted-media; gyroscope; picture-in-picture; web-share\" referrerpolicy=\"strict-origin-when-cross-origin\" allowfullscreen><\/iframe>\n<\/div><\/figure>\n\n\n\n<p><a href=\"https:\/\/acortar.link\/JJ8JPz\">REBOBINANDO EL MISTERIO<\/a><\/p>\n\n\n\n<p class=\"has-text-align-left\">En mis ratos libres, disfruto viajando, descubriendo los rincones m\u00e1s insospechados de cada ciudad y document\u00e1ndolos a trav\u00e9s de la fotograf\u00eda, otra de mis grandes pasiones. Tambi\u00e9n me encanta degustar nuevas experiencias gastron\u00f3micas (\u00a1me fascina comer!), tener largas y enriquecedoras charlas con diferentes personas, y, en ocasiones,<strong> tocar la guitarra y cantar.<\/strong> <\/p>\n\n\n\n<blockquote class=\"wp-block-quote is-layout-flow wp-block-quote-is-layout-flow\">\n<figure class=\"wp-block-embed is-type-video is-provider-youtube wp-block-embed-youtube wp-embed-aspect-16-9 wp-has-aspect-ratio\"><div class=\"wp-block-embed__wrapper\">\n<iframe loading=\"lazy\" title=\"Cherry Pie Rock in!!  &quot;Hold The Line&quot;\" width=\"500\" height=\"281\" src=\"https:\/\/www.youtube.com\/embed\/nZCZVAzJ8O8?start=2&#038;feature=oembed\" frameborder=\"0\" allow=\"accelerometer; autoplay; clipboard-write; encrypted-media; gyroscope; picture-in-picture; web-share\" referrerpolicy=\"strict-origin-when-cross-origin\" allowfullscreen><\/iframe>\n<\/div><\/figure>\n<\/blockquote>\n\n\n\n<p>Sol Ib\u00e1\u00f1ez Vega.<\/p>\n","protected":false},"excerpt":{"rendered":"<p>Nac\u00ed en la Ciudad de M\u00e9xico, donde viv\u00ed gran parte de mi infancia y juventud. Desde temprana edad, comenc\u00e9 a participar en diversas actividades relacionadas con la cultura y la comunicaci\u00f3n. Posteriormente, obtuve la licenciatura en Comunicaci\u00f3n. A lo largo de mi trayectoria en M\u00e9xico, acumul\u00e9 experiencias en teatro, radio y televisi\u00f3n. Pero adem\u00e1s, continu\u00e9 [&hellip;]<\/p>\n","protected":false},"author":1,"featured_media":0,"parent":0,"menu_order":0,"comment_status":"closed","ping_status":"closed","template":"","meta":{"footnotes":""},"class_list":["post-2","page","type-page","status-publish","hentry"],"yoast_head":"<!-- This site is optimized with the Yoast SEO plugin v25.9 - https:\/\/yoast.com\/wordpress\/plugins\/seo\/ -->\n<title>SOBRE MI - solibanezvega.com<\/title>\n<meta name=\"robots\" content=\"index, follow, max-snippet:-1, max-image-preview:large, max-video-preview:-1\" \/>\n<link rel=\"canonical\" href=\"https:\/\/solibanezvega.com\/index.php\/sobre-mi\/\" \/>\n<meta property=\"og:locale\" content=\"es_ES\" \/>\n<meta property=\"og:type\" content=\"article\" \/>\n<meta property=\"og:title\" content=\"SOBRE MI - solibanezvega.com\" \/>\n<meta property=\"og:description\" content=\"Nac\u00ed en la Ciudad de M\u00e9xico, donde viv\u00ed gran parte de mi infancia y juventud. Desde temprana edad, comenc\u00e9 a participar en diversas actividades relacionadas con la cultura y la comunicaci\u00f3n. Posteriormente, obtuve la licenciatura en Comunicaci\u00f3n. A lo largo de mi trayectoria en M\u00e9xico, acumul\u00e9 experiencias en teatro, radio y televisi\u00f3n. Pero adem\u00e1s, continu\u00e9 [&hellip;]\" \/>\n<meta property=\"og:url\" content=\"https:\/\/solibanezvega.com\/index.php\/sobre-mi\/\" \/>\n<meta property=\"og:site_name\" content=\"solibanezvega.com\" \/>\n<meta property=\"article:modified_time\" content=\"2025-05-07T17:49:49+00:00\" \/>\n<meta name=\"twitter:card\" content=\"summary_large_image\" \/>\n<meta name=\"twitter:label1\" content=\"Tiempo de lectura\" \/>\n\t<meta name=\"twitter:data1\" content=\"2 minutos\" \/>\n<script type=\"application\/ld+json\" class=\"yoast-schema-graph\">{\"@context\":\"https:\/\/schema.org\",\"@graph\":[{\"@type\":\"WebPage\",\"@id\":\"https:\/\/solibanezvega.com\/index.php\/sobre-mi\/\",\"url\":\"https:\/\/solibanezvega.com\/index.php\/sobre-mi\/\",\"name\":\"SOBRE MI - solibanezvega.com\",\"isPartOf\":{\"@id\":\"https:\/\/solibanezvega.com\/#website\"},\"datePublished\":\"2024-05-11T10:50:28+00:00\",\"dateModified\":\"2025-05-07T17:49:49+00:00\",\"breadcrumb\":{\"@id\":\"https:\/\/solibanezvega.com\/index.php\/sobre-mi\/#breadcrumb\"},\"inLanguage\":\"es\",\"potentialAction\":[{\"@type\":\"ReadAction\",\"target\":[\"https:\/\/solibanezvega.com\/index.php\/sobre-mi\/\"]}]},{\"@type\":\"BreadcrumbList\",\"@id\":\"https:\/\/solibanezvega.com\/index.php\/sobre-mi\/#breadcrumb\",\"itemListElement\":[{\"@type\":\"ListItem\",\"position\":1,\"name\":\"Portada\",\"item\":\"https:\/\/solibanezvega.com\/\"},{\"@type\":\"ListItem\",\"position\":2,\"name\":\"SOBRE MI\"}]},{\"@type\":\"WebSite\",\"@id\":\"https:\/\/solibanezvega.com\/#website\",\"url\":\"https:\/\/solibanezvega.com\/\",\"name\":\"solibanezvega.com\",\"description\":\"Otro sitio realizado con WordPress\",\"potentialAction\":[{\"@type\":\"SearchAction\",\"target\":{\"@type\":\"EntryPoint\",\"urlTemplate\":\"https:\/\/solibanezvega.com\/?s={search_term_string}\"},\"query-input\":{\"@type\":\"PropertyValueSpecification\",\"valueRequired\":true,\"valueName\":\"search_term_string\"}}],\"inLanguage\":\"es\"}]}<\/script>\n<!-- \/ Yoast SEO plugin. -->","yoast_head_json":{"title":"SOBRE MI - solibanezvega.com","robots":{"index":"index","follow":"follow","max-snippet":"max-snippet:-1","max-image-preview":"max-image-preview:large","max-video-preview":"max-video-preview:-1"},"canonical":"https:\/\/solibanezvega.com\/index.php\/sobre-mi\/","og_locale":"es_ES","og_type":"article","og_title":"SOBRE MI - solibanezvega.com","og_description":"Nac\u00ed en la Ciudad de M\u00e9xico, donde viv\u00ed gran parte de mi infancia y juventud. Desde temprana edad, comenc\u00e9 a participar en diversas actividades relacionadas con la cultura y la comunicaci\u00f3n. Posteriormente, obtuve la licenciatura en Comunicaci\u00f3n. A lo largo de mi trayectoria en M\u00e9xico, acumul\u00e9 experiencias en teatro, radio y televisi\u00f3n. Pero adem\u00e1s, continu\u00e9 [&hellip;]","og_url":"https:\/\/solibanezvega.com\/index.php\/sobre-mi\/","og_site_name":"solibanezvega.com","article_modified_time":"2025-05-07T17:49:49+00:00","twitter_card":"summary_large_image","twitter_misc":{"Tiempo de lectura":"2 minutos"},"schema":{"@context":"https:\/\/schema.org","@graph":[{"@type":"WebPage","@id":"https:\/\/solibanezvega.com\/index.php\/sobre-mi\/","url":"https:\/\/solibanezvega.com\/index.php\/sobre-mi\/","name":"SOBRE MI - solibanezvega.com","isPartOf":{"@id":"https:\/\/solibanezvega.com\/#website"},"datePublished":"2024-05-11T10:50:28+00:00","dateModified":"2025-05-07T17:49:49+00:00","breadcrumb":{"@id":"https:\/\/solibanezvega.com\/index.php\/sobre-mi\/#breadcrumb"},"inLanguage":"es","potentialAction":[{"@type":"ReadAction","target":["https:\/\/solibanezvega.com\/index.php\/sobre-mi\/"]}]},{"@type":"BreadcrumbList","@id":"https:\/\/solibanezvega.com\/index.php\/sobre-mi\/#breadcrumb","itemListElement":[{"@type":"ListItem","position":1,"name":"Portada","item":"https:\/\/solibanezvega.com\/"},{"@type":"ListItem","position":2,"name":"SOBRE MI"}]},{"@type":"WebSite","@id":"https:\/\/solibanezvega.com\/#website","url":"https:\/\/solibanezvega.com\/","name":"solibanezvega.com","description":"Otro sitio realizado con WordPress","potentialAction":[{"@type":"SearchAction","target":{"@type":"EntryPoint","urlTemplate":"https:\/\/solibanezvega.com\/?s={search_term_string}"},"query-input":{"@type":"PropertyValueSpecification","valueRequired":true,"valueName":"search_term_string"}}],"inLanguage":"es"}]}},"_links":{"self":[{"href":"https:\/\/solibanezvega.com\/index.php\/wp-json\/wp\/v2\/pages\/2","targetHints":{"allow":["GET"]}}],"collection":[{"href":"https:\/\/solibanezvega.com\/index.php\/wp-json\/wp\/v2\/pages"}],"about":[{"href":"https:\/\/solibanezvega.com\/index.php\/wp-json\/wp\/v2\/types\/page"}],"author":[{"embeddable":true,"href":"https:\/\/solibanezvega.com\/index.php\/wp-json\/wp\/v2\/users\/1"}],"replies":[{"embeddable":true,"href":"https:\/\/solibanezvega.com\/index.php\/wp-json\/wp\/v2\/comments?post=2"}],"version-history":[{"count":22,"href":"https:\/\/solibanezvega.com\/index.php\/wp-json\/wp\/v2\/pages\/2\/revisions"}],"predecessor-version":[{"id":447,"href":"https:\/\/solibanezvega.com\/index.php\/wp-json\/wp\/v2\/pages\/2\/revisions\/447"}],"wp:attachment":[{"href":"https:\/\/solibanezvega.com\/index.php\/wp-json\/wp\/v2\/media?parent=2"}],"curies":[{"name":"wp","href":"https:\/\/api.w.org\/{rel}","templated":true}]}}